
{"id":1454,"date":"2022-04-25T14:51:43","date_gmt":"2022-04-25T13:51:43","guid":{"rendered":"https:\/\/collective-protection.info\/how-to-use-new\/"},"modified":"2022-10-07T16:40:31","modified_gmt":"2022-10-07T15:40:31","slug":"comment-utiliser","status":"publish","type":"page","link":"https:\/\/collective-protection.info\/fr\/comment-utiliser\/","title":{"rendered":"Comment utiliser"},"content":{"rendered":"<p>[vc_row full_width=\u00a0\u00bbstretch_row\u00a0\u00bb equal_height=\u00a0\u00bbyes\u00a0\u00bb][vc_column][vc_row_inner equal_height=\u00a0\u00bbyes\u00a0\u00bb content_placement=\u00a0\u00bbtop\u00a0\u00bb css=\u00a0\u00bb.vc_custom_1657892983244{margin-top: 10px !important;}\u00a0\u00bb][vc_column_inner][vc_column_text css=\u00a0\u00bb.vc_custom_1662562282512{margin-bottom: 12px !important;border-bottom-width: 1px !important;padding-bottom: 12px !important;border-bottom-color: #000000 !important;border-bottom-style: solid !important;}\u00a0\u00bb]<\/p>\n<h2>Comment utiliser le site<\/h2>\n<p>[\/vc_column_text][\/vc_column_inner][\/vc_row_inner][\/vc_column][\/vc_row][vc_row full_height=\u00a0\u00bbyes\u00a0\u00bb equal_height=\u00a0\u00bbyes\u00a0\u00bb content_placement=\u00a0\u00bbmiddle\u00a0\u00bb el_class=\u00a0\u00bbcolumncontainingcarousel\u00a0\u00bb][vc_column]<style type=\"text\/css\" data-type=\"the7_shortcodes-inline-css\">.carousel-shortcode.carousel-shortcode-id-a2e7240444500d9dd67d63c8bb527ef4 .owl-nav a {\n  width: 36px;\n  height: 36px;\n  border-radius: 500px;\n}\n.dt-arrow-border-on.carousel-shortcode.carousel-shortcode-id-a2e7240444500d9dd67d63c8bb527ef4 .owl-nav a:not(:hover):before {\n  border-width: 0px;\n}\n.dt-arrow-hover-border-on.carousel-shortcode.carousel-shortcode-id-a2e7240444500d9dd67d63c8bb527ef4 .owl-nav a:hover:after {\n  border-width: 0px;\n}\n.carousel-shortcode.carousel-shortcode-id-a2e7240444500d9dd67d63c8bb527ef4 .owl-nav a.owl-prev {\n  top: 50%;\n  transform: translateY(calc(-50% + 0px));\n  left: 0px;\n}\n@media all and (-ms-high-contrast: none) {\n  .carousel-shortcode.carousel-shortcode-id-a2e7240444500d9dd67d63c8bb527ef4 .owl-nav a.owl-prev {\n    transform: translateY(-50%);\n    margin-top: 0px;\n  }\n}\n.carousel-shortcode.carousel-shortcode-id-a2e7240444500d9dd67d63c8bb527ef4 .owl-nav a.owl-prev i {\n  padding: 0px 0px 0px 0px;\n}\n.carousel-shortcode.carousel-shortcode-id-a2e7240444500d9dd67d63c8bb527ef4 .owl-nav a.owl-next {\n  top: 50%;\n  transform: translateY(calc(-50% + 0px));\n  right: 0px;\n}\n@media all and (-ms-high-contrast: none) {\n  .carousel-shortcode.carousel-shortcode-id-a2e7240444500d9dd67d63c8bb527ef4 .owl-nav a.owl-next {\n    transform: translateY(-50%);\n    margin-top: 0px;\n  }\n}\n.carousel-shortcode.carousel-shortcode-id-a2e7240444500d9dd67d63c8bb527ef4 .owl-nav a.owl-next i {\n  padding: 0px 0px 0px 0px;\n}\n.carousel-shortcode.carousel-shortcode-id-a2e7240444500d9dd67d63c8bb527ef4 .owl-nav i {\n  font-size: 45px;\n}\n.carousel-shortcode.carousel-shortcode-id-a2e7240444500d9dd67d63c8bb527ef4 .owl-nav a:not(:hover) i,\n.carousel-shortcode.carousel-shortcode-id-a2e7240444500d9dd67d63c8bb527ef4 .owl-nav a:not(:hover) i:before {\n  color: #000000;\n  background: none;\n}\n.carousel-shortcode.carousel-shortcode-id-a2e7240444500d9dd67d63c8bb527ef4 .owl-nav a:hover i,\n.carousel-shortcode.carousel-shortcode-id-a2e7240444500d9dd67d63c8bb527ef4 .owl-nav a:hover i:before {\n  color: #000000;\n  background: none;\n}\n.carousel-shortcode.carousel-shortcode-id-a2e7240444500d9dd67d63c8bb527ef4 .owl-dots {\n  top: calc(100% + 40px);\n  left: 50%;\n  transform: translateX(calc(-50% + 0px));\n}\n@media all and (-ms-high-contrast: none) {\n  .carousel-shortcode.carousel-shortcode-id-a2e7240444500d9dd67d63c8bb527ef4 .owl-dots {\n    transform: translateX(-50%);\n    margin-left: 0px;\n  }\n}\n.carousel-shortcode.carousel-shortcode-id-a2e7240444500d9dd67d63c8bb527ef4 .owl-dot {\n  width: 10px;\n  height: 10px;\n  margin: 0 5px;\n}\n.bullets-scale-up.carousel-shortcode.carousel-shortcode-id-a2e7240444500d9dd67d63c8bb527ef4 .owl-dot:not(.active):not(:hover) span {\n  background: #000000;\n}\n.bullets-scale-up.carousel-shortcode.carousel-shortcode-id-a2e7240444500d9dd67d63c8bb527ef4 .owl-dot:not(.active):hover span,\n.bullets-scale-up.carousel-shortcode.carousel-shortcode-id-a2e7240444500d9dd67d63c8bb527ef4 .owl-dot.active span {\n  background: #ff8f1c;\n}\n.bullets-stroke.carousel-shortcode.carousel-shortcode-id-a2e7240444500d9dd67d63c8bb527ef4 .owl-dot:not(.active):not(:hover) span {\n  background: #000000;\n}\n.bullets-stroke.carousel-shortcode.carousel-shortcode-id-a2e7240444500d9dd67d63c8bb527ef4 .owl-dot:not(.active):hover span {\n  background: #ff8f1c;\n}\n.bullets-stroke.carousel-shortcode.carousel-shortcode-id-a2e7240444500d9dd67d63c8bb527ef4 .owl-dot.active span {\n  box-shadow: 0 0 0 2px #ff8f1c;\n}\n.bullets-fill-in.carousel-shortcode.carousel-shortcode-id-a2e7240444500d9dd67d63c8bb527ef4 .owl-dot:not(.active):not(:hover) span {\n  box-shadow: inset 0 0 0 2px #000000;\n}\n.bullets-fill-in.carousel-shortcode.carousel-shortcode-id-a2e7240444500d9dd67d63c8bb527ef4 .owl-dot:not(.active):hover span {\n  box-shadow: inset 0 0 0 2px #ff8f1c;\n}\n.bullets-fill-in.carousel-shortcode.carousel-shortcode-id-a2e7240444500d9dd67d63c8bb527ef4 .owl-dot.active span {\n  box-shadow: inset 0 0 0 20px #ff8f1c;\n}\n.bullets-small-dot-stroke.carousel-shortcode.carousel-shortcode-id-a2e7240444500d9dd67d63c8bb527ef4 .owl-dot:not(.active):not(:hover) span {\n  background: #000000;\n}\n.bullets-small-dot-stroke.carousel-shortcode.carousel-shortcode-id-a2e7240444500d9dd67d63c8bb527ef4 .owl-dot:not(.active):hover span,\n.bullets-small-dot-stroke.carousel-shortcode.carousel-shortcode-id-a2e7240444500d9dd67d63c8bb527ef4 .owl-dot.active span {\n  background: #ff8f1c;\n}\n.bullets-small-dot-stroke.carousel-shortcode.carousel-shortcode-id-a2e7240444500d9dd67d63c8bb527ef4 .owl-dot.active {\n  box-shadow: 0 0 0 2px #ff8f1c;\n}\n.bullets-ubax.carousel-shortcode.carousel-shortcode-id-a2e7240444500d9dd67d63c8bb527ef4 .owl-dot span {\n  background: #000000;\n}\n.bullets-ubax.carousel-shortcode.carousel-shortcode-id-a2e7240444500d9dd67d63c8bb527ef4 .owl-dot.active span {\n  border-color: #ff8f1c;\n}\n.bullets-ubax.carousel-shortcode.carousel-shortcode-id-a2e7240444500d9dd67d63c8bb527ef4 .owl-dot:not(.active):hover span {\n  background: #ff8f1c;\n}\n.bullets-etefu.carousel-shortcode.carousel-shortcode-id-a2e7240444500d9dd67d63c8bb527ef4 .owl-dot span {\n  background: #000000;\n}\n.bullets-etefu.carousel-shortcode.carousel-shortcode-id-a2e7240444500d9dd67d63c8bb527ef4 .owl-dot:not(.active):hover span {\n  background: #ff8f1c;\n}\n.bullets-etefu.carousel-shortcode.carousel-shortcode-id-a2e7240444500d9dd67d63c8bb527ef4 .owl-dot span:before {\n  background: #ff8f1c;\n}\n.accent-gradient .bullets-etefu.carousel-shortcode.carousel-shortcode-id-a2e7240444500d9dd67d63c8bb527ef4 .owl-dot span:before {\n  background: #ff8f1c;\n}\n@media screen and (max-width: 778px) {\n  .carousel-shortcode.carousel-shortcode-id-a2e7240444500d9dd67d63c8bb527ef4.hide-arrows .owl-nav a {\n    display: none;\n  }\n}\n@media screen and (max-width: 778px) {\n  .carousel-shortcode.carousel-shortcode-id-a2e7240444500d9dd67d63c8bb527ef4.reposition-arrows .owl-nav .owl-prev {\n    top: 50%;\n    transform: translateY(calc(-50% + 0px));\n    left: 0px;\n  }\n  .carousel-shortcode.carousel-shortcode-id-a2e7240444500d9dd67d63c8bb527ef4.reposition-arrows .owl-nav .owl-next {\n    top: 50%;\n    transform: translateY(calc(-50% + 0px));\n    right: 0px;\n  }\n}\n@media screen and (max-width: 778px) and all and (-ms-high-contrast: none) {\n  .carousel-shortcode.carousel-shortcode-id-a2e7240444500d9dd67d63c8bb527ef4.reposition-arrows .owl-nav .owl-prev {\n    transform: translateY(-50%);\n    margin-top: 0px;\n  }\n}\n@media screen and (max-width: 778px) and all and (-ms-high-contrast: none) {\n  .carousel-shortcode.carousel-shortcode-id-a2e7240444500d9dd67d63c8bb527ef4.reposition-arrows .owl-nav .owl-next {\n    transform: translateY(-50%);\n    margin-top: 0px;\n  }\n}\n<\/style><div class=\"owl-carousel carousel-shortcode dt-owl-carousel-call carousel-shortcode-id-a2e7240444500d9dd67d63c8bb527ef4 bullets-fill-in reposition-arrows arrows-bg-off disable-arrows-hover-bg arrows-hover-bg-off  customcarousel\" data-scroll-mode=\"1\" data-col-num=\"1\" data-wide-col-num=\"1\" data-laptop-col=\"1\" data-h-tablet-columns-num=\"1\" data-v-tablet-columns-num=\"1\" data-phone-columns-num=\"1\" data-auto-height=\"false\" data-col-gap=\"40\" data-stage-padding=\"0\" data-speed=\"600\" data-autoplay=\"false\" data-autoplay_speed=\"6000\" data-arrows=\"true\" data-bullet=\"true\" data-next-icon=\"icon-ar-017-r\" data-prev-icon=\"icon-ar-017-l\">[vc_row_inner equal_height=\u00a0\u00bbyes\u00a0\u00bb content_placement=\u00a0\u00bbmiddle\u00a0\u00bb el_class=\u00a0\u00bbcarouselslide\u00a0\u00bb][vc_column_inner width=\u00a0\u00bb1\/2&Prime;][vc_single_image image=\u00a0\u00bb1464&Prime; img_size=\u00a0\u00bbfull\u00a0\u00bb alignment=\u00a0\u00bbcenter\u00a0\u00bb][\/vc_column_inner][vc_column_inner width=\u00a0\u00bb1\/2&Prime;][vc_column_text]<strong>Utilisation du syst\u00e8me de filtrage<\/strong><br \/>\nLa base de donn\u00e9es comprend un grand nombre de ressources. Toutes ces ressources peuvent \u00eatre affin\u00e9es \u00e0 l&rsquo;aide du syst\u00e8me de filtres.<\/p>\n<p>Ce syst\u00e8me appara\u00eet \u00e0 gauche de votre navigateur. Sur les smartphones, cliquez sur le bouton \u00ab\u00a0Filtrer les r\u00e9sultats\u00a0\u00bb en haut de la page pour afficher les options.[\/vc_column_text][\/vc_column_inner][\/vc_row_inner][vc_row_inner equal_height=\u00a0\u00bbyes\u00a0\u00bb content_placement=\u00a0\u00bbmiddle\u00a0\u00bb el_class=\u00a0\u00bbcarouselslide\u00a0\u00bb][vc_column_inner width=\u00a0\u00bb1\/2&Prime;][vc_single_image image=\u00a0\u00bb1467&Prime; img_size=\u00a0\u00bbfull\u00a0\u00bb alignment=\u00a0\u00bbcenter\u00a0\u00bb][\/vc_column_inner][vc_column_inner width=\u00a0\u00bb1\/2&Prime;][vc_column_text]<strong>Recherche<\/strong><br \/>\nVous pouvez saisir un terme de recherche directement dans le champ \u00ab\u00a0Recherche\u00a0\u00bb et les r\u00e9sultats seront automatiquement mis \u00e0 jour.[\/vc_column_text][\/vc_column_inner][\/vc_row_inner][vc_row_inner equal_height=\u00a0\u00bbyes\u00a0\u00bb content_placement=\u00a0\u00bbmiddle\u00a0\u00bb el_class=\u00a0\u00bbcarouselslide\u00a0\u00bb][vc_column_inner width=\u00a0\u00bb1\/2&Prime;][vc_single_image image=\u00a0\u00bb1470&Prime; img_size=\u00a0\u00bbfull\u00a0\u00bb alignment=\u00a0\u00bbcenter\u00a0\u00bb][\/vc_column_inner][vc_column_inner width=\u00a0\u00bb1\/2&Prime;][vc_column_text]<strong>Filtrer par langue<\/strong><br \/>\nLe site propose des ressources dans de nombreuses langues diff\u00e9rentes. Vous pouvez trouver une ressource dans la langue de votre choix en cliquant sur le menu d\u00e9roulant \u00ab\u00a0Langue\u00a0\u00bb.[\/vc_column_text][\/vc_column_inner][\/vc_row_inner][vc_row_inner equal_height=\u00a0\u00bbyes\u00a0\u00bb content_placement=\u00a0\u00bbmiddle\u00a0\u00bb el_class=\u00a0\u00bbcarouselslide\u00a0\u00bb][vc_column_inner width=\u00a0\u00bb1\/2&Prime;][vc_single_image image=\u00a0\u00bb1472&Prime; img_size=\u00a0\u00bbfull\u00a0\u00bb alignment=\u00a0\u00bbcenter\u00a0\u00bb][\/vc_column_inner][vc_column_inner width=\u00a0\u00bb1\/2&Prime;][vc_column_text]<strong>Filtrer par domaine th\u00e9matique<\/strong><br \/>\nVous pouvez filtrer les r\u00e9sultats en fonction de vos besoins en cochant les cases de votre choix dans la liste \u00ab\u00a0Domaine\u00a0\u00bb.[\/vc_column_text][\/vc_column_inner][\/vc_row_inner][vc_row_inner equal_height=\u00a0\u00bbyes\u00a0\u00bb content_placement=\u00a0\u00bbmiddle\u00a0\u00bb el_class=\u00a0\u00bbcarouselslide\u00a0\u00bb][vc_column_inner width=\u00a0\u00bb1\/2&Prime;][vc_single_image image=\u00a0\u00bb1475&Prime; img_size=\u00a0\u00bbfull\u00a0\u00bb alignment=\u00a0\u00bbcenter\u00a0\u00bb][\/vc_column_inner][vc_column_inner width=\u00a0\u00bb1\/2&Prime;][vc_column_text]<strong>Filtrer par type de ressource<\/strong><br \/>\nVous pouvez acc\u00e9der aux ressources sous diff\u00e9rents formats, afin de trouver celui qui vous convient le mieux. Les guides et les manuels sont facilement accessibles avec une connexion internet lente et peuvent \u00eatre t\u00e9l\u00e9charg\u00e9s, tandis qu\u2019une connexion plus rapide et plus stable sera n\u00e9cessaire pour acc\u00e9der aux outils num\u00e9riques et aux ressources audiovisuelles.[\/vc_column_text][\/vc_column_inner][\/vc_row_inner][vc_row_inner equal_height=\u00a0\u00bbyes\u00a0\u00bb content_placement=\u00a0\u00bbmiddle\u00a0\u00bb el_class=\u00a0\u00bbcarouselslide\u00a0\u00bb][vc_column_inner width=\u00a0\u00bb1\/2&Prime;][vc_single_image image=\u00a0\u00bb1478&Prime; img_size=\u00a0\u00bbfull\u00a0\u00bb alignment=\u00a0\u00bbcenter\u00a0\u00bb][\/vc_column_inner][vc_column_inner width=\u00a0\u00bb1\/2&Prime;][vc_column_text]<strong>R\u00e9initialiser<\/strong><br \/>\nSi vous souhaitez effacer tous vos filtres et recommencer votre recherche, cliquez sur le bouton \u00ab\u00a0R\u00e9initialiser\u00a0\u00bb en bas des options de filtrage.[\/vc_column_text][\/vc_column_inner][\/vc_row_inner][vc_row_inner equal_height=\u00a0\u00bbyes\u00a0\u00bb content_placement=\u00a0\u00bbmiddle\u00a0\u00bb el_class=\u00a0\u00bbcarouselslide\u00a0\u00bb][vc_column_inner width=\u00a0\u00bb1\/2&Prime;][vc_single_image image=\u00a0\u00bb1481&Prime; img_size=\u00a0\u00bbfull\u00a0\u00bb alignment=\u00a0\u00bbcenter\u00a0\u00bb][\/vc_column_inner][vc_column_inner width=\u00a0\u00bb1\/2&Prime;][vc_column_text]<strong>Vous recherchez une ressource particuli\u00e8re qui n&rsquo;est pas disponible ?<\/strong><br \/>\nCes ressources ne constituent en aucun cas une liste compl\u00e8te. Nous encourageons donc les d\u00e9fenseurs et d\u00e9fenseuses et les OSC \u00e0 envoyer leurs ressources via le bouton \u00ab\u00a0<a href=\"https:\/\/collective-protection.info\/fr\/contribuer\/\">Contribuer<\/a>\u00a0\u00bb situ\u00e9 en haut de la page. De m\u00eame, si les personnes d\u00e9fenseuses recherchent des ressources particuli\u00e8res et ne les trouvent pas, veuillez-nous en faire part via la fonction \u00ab\u00a0Contactez-nous\u00a0\u00bb sur la page <a href=\"https:\/\/collective-protection.info\/fr\/info\/\">Info<\/a>. Ces demandes nous aideront \u00e0 savoir \u00e0 identifier les besoins des personnes d\u00e9fenseuses et \u00e0 guider les OSC travaillant sur ce sujet pour cr\u00e9er des ressources qui r\u00e9pondront \u00e0 ces besoins.[\/vc_column_text][\/vc_column_inner][\/vc_row_inner][vc_row_inner equal_height=\u00a0\u00bbyes\u00a0\u00bb content_placement=\u00a0\u00bbmiddle\u00a0\u00bb el_class=\u00a0\u00bbcarouselslide\u00a0\u00bb][vc_column_inner width=\u00a0\u00bb1\/2&Prime;][vc_single_image image=\u00a0\u00bb1484&Prime; img_size=\u00a0\u00bbfull\u00a0\u00bb alignment=\u00a0\u00bbcenter\u00a0\u00bb][\/vc_column_inner][vc_column_inner width=\u00a0\u00bb1\/2&Prime;][vc_column_text]<strong>Que faire si la ressource ne se charge pas ?<\/strong><\/p>\n<p>Si vous avez cliqu\u00e9 sur le bouton \u00ab\u00a0lien vers la ressource\u00a0\u00bb mais que vous ne pouvez pas voir la ressource, cela peut \u00eatre d\u00fb \u00e0 un manque d&rsquo;Internet ou \u00e0 une connexion Internet lente. Essayez de vous reconnecter \u00e0 votre source Internet, de vous d\u00e9placer dans une autre zone ou de modifier votre connexion.<\/p>\n<p>Si vous rencontrez toujours des probl\u00e8mes ou si la ressource se charge dans la mauvaise langue ou le mauvais format, veuillez nous en informer via l&rsquo;outil <a href=\"https:\/\/collective-protection.info\/fr\/info\/\">Contactez-nous<\/a>.[\/vc_column_text][\/vc_column_inner][\/vc_row_inner][vc_row_inner equal_height=\u00a0\u00bbyes\u00a0\u00bb content_placement=\u00a0\u00bbmiddle\u00a0\u00bb el_class=\u00a0\u00bbcarouselslide\u00a0\u00bb][vc_column_inner width=\u00a0\u00bb1\/2&Prime;][vc_btn title=\u00a0\u00bbVoir les ressources\u00a0\u00bb style=\u00a0\u00bboutline\u00a0\u00bb shape=\u00a0\u00bbsquare\u00a0\u00bb color=\u00a0\u00bbblack\u00a0\u00bb align=\u00a0\u00bbcenter\u00a0\u00bb link=\u00a0\u00bburl:https%3A%2F%2Fcollective-protection.info%2Ffr%2Fressources%2F\u00a0\u00bb el_class=\u00a0\u00bbsquarebutton\u00a0\u00bb][\/vc_column_inner][vc_column_inner width=\u00a0\u00bb1\/2&Prime;][vc_column_text]<strong>Voir les ressources<\/strong><br \/>\nNous vous invitons \u00e0 parcourir les ressources et \u00e0 nous <a href=\"https:\/\/collective-protection.info\/fr\/info\/\">contacter<\/a> si vous avez des questions ou des commentaires.[\/vc_column_text][\/vc_column_inner][\/vc_row_inner]<\/div>[\/vc_column][\/vc_row][vc_row full_width=\u00a0\u00bbstretch_row\u00a0\u00bb equal_height=\u00a0\u00bbyes\u00a0\u00bb content_placement=\u00a0\u00bbmiddle\u00a0\u00bb][vc_column][vc_row_inner content_placement=\u00a0\u00bbbottom\u00a0\u00bb][vc_column_inner width=\u00a0\u00bb1\/3&Prime;][\/vc_column_inner][vc_column_inner width=\u00a0\u00bb1\/3&Prime;][vc_btn title=\u00a0\u00bbVoir les ressources\u00a0\u00bb style=\u00a0\u00bboutline\u00a0\u00bb shape=\u00a0\u00bbsquare\u00a0\u00bb color=\u00a0\u00bbblack\u00a0\u00bb align=\u00a0\u00bbcenter\u00a0\u00bb link=\u00a0\u00bburl:https%3A%2F%2Fcollective-protection.info%2Ffr%2Fressources%2F|title:Resources\u00a0\u00bb css=\u00a0\u00bb.vc_custom_1662570898667{margin-bottom: 30px !important;}\u00a0\u00bb][\/vc_column_inner][vc_column_inner width=\u00a0\u00bb1\/3&Prime;][\/vc_column_inner][\/vc_row_inner][\/vc_column][\/vc_row]<\/p>\n","protected":false},"excerpt":{"rendered":"<p>[vc_row full_width=\u00a0\u00bbstretch_row\u00a0\u00bb equal_height=\u00a0\u00bbyes\u00a0\u00bb][vc_column][vc_row_inner equal_height=\u00a0\u00bbyes\u00a0\u00bb content_placement=\u00a0\u00bbtop\u00a0\u00bb css=\u00a0\u00bb.vc_custom_1657892983244{margin-top: 10px !important;}\u00a0\u00bb][vc_column_inner][vc_column_text css=\u00a0\u00bb.vc_custom_1662562282512{margin-bottom: 12px !important;border-bottom-width: 1px !important;padding-bottom: 12px !important;border-bottom-color: #000000 !important;border-bottom-style: solid !important;}\u00a0\u00bb] Comment utiliser le site [\/vc_column_text][\/vc_column_inner][\/vc_row_inner][\/vc_column][\/vc_row][vc_row full_height=\u00a0\u00bbyes\u00a0\u00bb equal_height=\u00a0\u00bbyes\u00a0\u00bb content_placement=\u00a0\u00bbmiddle\u00a0\u00bb el_class=\u00a0\u00bbcolumncontainingcarousel\u00a0\u00bb][vc_column][\/vc_column][\/vc_row][vc_row full_width=\u00a0\u00bbstretch_row\u00a0\u00bb equal_height=\u00a0\u00bbyes\u00a0\u00bb content_placement=\u00a0\u00bbmiddle\u00a0\u00bb][vc_column][vc_row_inner content_placement=\u00a0\u00bbbottom\u00a0\u00bb][vc_column_inner width=\u00a0\u00bb1\/3&Prime;][\/vc_column_inner][vc_column_inner width=\u00a0\u00bb1\/3&Prime;][vc_btn title=\u00a0\u00bbVoir les ressources\u00a0\u00bb style=\u00a0\u00bboutline\u00a0\u00bb shape=\u00a0\u00bbsquare\u00a0\u00bb color=\u00a0\u00bbblack\u00a0\u00bb align=\u00a0\u00bbcenter\u00a0\u00bb link=\u00a0\u00bburl:https%3A%2F%2Fcollective-protection.info%2Ffr%2Fressources%2F|title:Resources\u00a0\u00bb css=\u00a0\u00bb.vc_custom_1662570898667{margin-bottom: 30px !important;}\u00a0\u00bb][\/vc_column_inner][vc_column_inner width=\u00a0\u00bb1\/3&Prime;][\/vc_column_inner][\/vc_row_inner][\/vc_column][\/vc_row]<\/p>\n","protected":false},"author":1,"featured_media":0,"parent":0,"menu_order":0,"comment_status":"closed","ping_status":"closed","template":"","meta":{"inline_featured_image":false,"_monsterinsights_skip_tracking":false,"_monsterinsights_sitenote_active":false,"_monsterinsights_sitenote_note":"","_monsterinsights_sitenote_category":0},"acf":[],"_links":{"self":[{"href":"https:\/\/collective-protection.info\/fr\/wp-json\/wp\/v2\/pages\/1454"}],"collection":[{"href":"https:\/\/collective-protection.info\/fr\/wp-json\/wp\/v2\/pages"}],"about":[{"href":"https:\/\/collective-protection.info\/fr\/wp-json\/wp\/v2\/types\/page"}],"author":[{"embeddable":true,"href":"https:\/\/collective-protection.info\/fr\/wp-json\/wp\/v2\/users\/1"}],"replies":[{"embeddable":true,"href":"https:\/\/collective-protection.info\/fr\/wp-json\/wp\/v2\/comments?post=1454"}],"version-history":[{"count":8,"href":"https:\/\/collective-protection.info\/fr\/wp-json\/wp\/v2\/pages\/1454\/revisions"}],"predecessor-version":[{"id":1534,"href":"https:\/\/collective-protection.info\/fr\/wp-json\/wp\/v2\/pages\/1454\/revisions\/1534"}],"wp:attachment":[{"href":"https:\/\/collective-protection.info\/fr\/wp-json\/wp\/v2\/media?parent=1454"}],"curies":[{"name":"wp","href":"https:\/\/api.w.org\/{rel}","templated":true}]}}