
{"id":327,"date":"2021-04-26T16:27:20","date_gmt":"2021-04-26T15:27:20","guid":{"rendered":"https:\/\/collective-protection.info\/contribuir\/"},"modified":"2021-07-14T13:56:45","modified_gmt":"2021-07-14T12:56:45","slug":"contribuir","status":"publish","type":"page","link":"https:\/\/collective-protection.info\/es\/contribuir\/","title":{"rendered":"Contribuir"},"content":{"rendered":"<p>[vc_row full_height=\u00bbyes\u00bb columns_placement=\u00bbstretch\u00bb][vc_column width=\u00bb1\/4&#8243; css=\u00bb.vc_custom_1616602966813{border-right-width: 1px !important;padding-top: 12px !important;border-right-color: #000000 !important;border-right-style: solid !important;}\u00bb][vc_column_text]<strong>Cont\u00e1ctenos<\/strong><br \/>\n<a href=\"https:\/\/www.zerotoleranceinitiative.org\/contact-us\" target=\"_blank\" rel=\"noopener\">Contacto<\/a>[\/vc_column_text][\/vc_column][vc_column width=\u00bb3\/4&#8243; css=\u00bb.vc_custom_1616680183879{padding-top: 12px !important;}\u00bb][vc_column_text css=\u00bb.vc_custom_1618495912035{margin-bottom: 12px !important;border-bottom-width: 1px !important;padding-bottom: 12px !important;border-bottom-color: #000000 !important;border-bottom-style: solid !important;}\u00bb]<\/p>\n<h2>Contribuir<\/h2>\n<p>[\/vc_column_text][vc_row_inner][vc_column_inner width=\u00bb2\/3&#8243; offset=\u00bbvc_col-lg-8 vc_col-md-12 vc_col-xs-12&#8243;][vc_column_text css=\u00bb.vc_custom_1626267404407{margin-bottom: 25px !important;}\u00bb]Si tiene alg\u00fan recurso o herramienta que le gustar\u00eda incluir en el sitio, env\u00edenoslo a fpp.zti.contact@forestpeoples.org.<\/p>\n<p>Adem\u00e1s, si hay recursos que busca y que no est\u00e1n, o no est\u00e1n en el idioma o el formato que necesita, comun\u00edquenoslo a trav\u00e9s de la p\u00e1gina de contacto o del correo electr\u00f3nico. Puede que la ZTI disponga de recursos para actualizar, traducir o modificar un recurso \u00fatil para hacerlo m\u00e1s accesible.<\/p>\n<p>[\/vc_column_text][\/vc_column_inner][vc_column_inner width=\u00bb1\/3&#8243; offset=\u00bbvc_hidden-md vc_hidden-sm vc_hidden-xs\u00bb][\/vc_column_inner][\/vc_row_inner][\/vc_column][\/vc_row]<\/p>\n","protected":false},"excerpt":{"rendered":"<p>[vc_row full_height=\u00bbyes\u00bb columns_placement=\u00bbstretch\u00bb][vc_column width=\u00bb1\/4&#8243; css=\u00bb.vc_custom_1616602966813{border-right-width: 1px !important;padding-top: 12px !important;border-right-color: #000000 !important;border-right-style: solid !important;}\u00bb][vc_column_text]Cont\u00e1ctenos Contacto[\/vc_column_text][\/vc_column][vc_column width=\u00bb3\/4&#8243; css=\u00bb.vc_custom_1616680183879{padding-top: 12px !important;}\u00bb][vc_column_text css=\u00bb.vc_custom_1618495912035{margin-bottom: 12px !important;border-bottom-width: 1px !important;padding-bottom: 12px !important;border-bottom-color: #000000 !important;border-bottom-style: solid !important;}\u00bb] Contribuir [\/vc_column_text][vc_row_inner][vc_column_inner width=\u00bb2\/3&#8243; offset=\u00bbvc_col-lg-8 vc_col-md-12 vc_col-xs-12&#8243;][vc_column_text css=\u00bb.vc_custom_1626267404407{margin-bottom: 25px !important;}\u00bb]Si tiene alg\u00fan recurso o herramienta que le gustar\u00eda incluir en el sitio, env\u00edenoslo a fpp.zti.contact@forestpeoples.org. Adem\u00e1s, si&hellip;<\/p>\n","protected":false},"author":1,"featured_media":0,"parent":0,"menu_order":0,"comment_status":"closed","ping_status":"closed","template":"","meta":{"inline_featured_image":false,"_monsterinsights_skip_tracking":false,"_monsterinsights_sitenote_active":false,"_monsterinsights_sitenote_note":"","_monsterinsights_sitenote_category":0},"acf":[],"_links":{"self":[{"href":"https:\/\/collective-protection.info\/es\/wp-json\/wp\/v2\/pages\/327"}],"collection":[{"href":"https:\/\/collective-protection.info\/es\/wp-json\/wp\/v2\/pages"}],"about":[{"href":"https:\/\/collective-protection.info\/es\/wp-json\/wp\/v2\/types\/page"}],"author":[{"embeddable":true,"href":"https:\/\/collective-protection.info\/es\/wp-json\/wp\/v2\/users\/1"}],"replies":[{"embeddable":true,"href":"https:\/\/collective-protection.info\/es\/wp-json\/wp\/v2\/comments?post=327"}],"version-history":[{"count":4,"href":"https:\/\/collective-protection.info\/es\/wp-json\/wp\/v2\/pages\/327\/revisions"}],"predecessor-version":[{"id":1090,"href":"https:\/\/collective-protection.info\/es\/wp-json\/wp\/v2\/pages\/327\/revisions\/1090"}],"wp:attachment":[{"href":"https:\/\/collective-protection.info\/es\/wp-json\/wp\/v2\/media?parent=327"}],"curies":[{"name":"wp","href":"https:\/\/api.w.org\/{rel}","templated":true}]}}