
{"id":312,"date":"2021-04-26T16:21:00","date_gmt":"2021-04-26T15:21:00","guid":{"rendered":"https:\/\/collective-protection.info\/info\/"},"modified":"2024-05-02T12:33:11","modified_gmt":"2024-05-02T11:33:11","slug":"info","status":"publish","type":"page","link":"https:\/\/collective-protection.info\/es\/info\/","title":{"rendered":"Info"},"content":{"rendered":"<p>[vc_row full_height=\u00bbyes\u00bb columns_placement=\u00bbstretch\u00bb][vc_column width=\u00bb1\/4&#8243; css=\u00bb.vc_custom_1616602966813{border-right-width: 1px !important;padding-top: 12px !important;border-right-color: #000000 !important;border-right-style: solid !important;}\u00bb][vc_column_text]<strong>Cont\u00e1ctenos<\/strong><br \/>\n<a href=\"https:\/\/www.zerotoleranceinitiative.org\/contact-us\" target=\"_blank\" rel=\"noopener\">Contacto<\/a><\/p>\n<p><strong>Apoyo<\/strong><br \/>\nCon el apoyo financiero de la<a href=\"https:\/\/www.nicfi.no\/\"> Iniciativa Internacional sobre el\u00a0Clima y los Bosques de Noruega (NICFI)<\/a> y la <a href=\"https:\/\/www.cjrfund.org\/\">Climate Justice Resilience Fund (CJRF)<\/a><\/p>\n<p><strong>Pol\u00edtica de Privacidad<\/strong><br \/>\n<a href=\"https:\/\/collective-protection.info\/es\/politica-de-privacidad\/\">Ver nuestra pol\u00edtica<\/a><\/p>\n<p><strong>Derechos de autor<\/strong><br \/>\n<a href=\"https:\/\/www.zerotoleranceinitiative.org\" target=\"_blank\" rel=\"noopener\">\u00a9 Iniciativa de Tolerancia Cero<\/a><\/p>\n<p><strong>Dise\u00f1o<\/strong><br \/>\n<a href=\"https:\/\/openandhonest.design\/\" target=\"_blank\" rel=\"noopener\">Open &amp; Honest<\/a>[\/vc_column_text][\/vc_column][vc_column width=\u00bb3\/4&#8243; css=\u00bb.vc_custom_1616680183879{padding-top: 12px !important;}\u00bb][vc_column_text css=\u00bb.vc_custom_1616686734740{margin-bottom: 12px !important;border-bottom-width: 1px !important;padding-bottom: 12px !important;border-bottom-color: #000000 !important;border-bottom-style: solid !important;}\u00bb]<\/p>\n<h2>Informaci\u00f3n<\/h2>\n<p>[\/vc_column_text][vc_row_inner][vc_column_inner width=\u00bb2\/3&#8243; offset=\u00bbvc_col-lg-8 vc_col-md-12 vc_col-xs-12&#8243;][vc_column_text css=\u00bb.vc_custom_1639397733687{margin-bottom: 25px !important;}\u00bb]\u00bfQu\u00e9 es la protecci\u00f3n colectiva?<\/p>\n<p>La protecci\u00f3n colectiva es un conjunto de estrategias, medidas y acciones que tienen como objetivo proteger a un actor colectivo; una organizaci\u00f3n, una comunidad, un grupo, que est\u00e1n en riesgo debido a su trabajo de defensa de los derechos humanos. El enfoque de la protecci\u00f3n colectiva va m\u00e1s all\u00e1 de la concesi\u00f3n de medidas de seguridad individuales a los l\u00edderes o miembros individuales de un grupo o comunidad. La protecci\u00f3n colectiva suele estar integrada en las acciones de la comunidad para defender sus territorios, tierras y recursos contra actores externos estatales, empresariales e ilegales.<\/p>\n<p>La protecci\u00f3n colectiva est\u00e1 profundamente ligada al fortalecimiento del tejido social del grupo o comunidad, aumentando su visibilidad y espacio de trabajo, y al desarrollo de sus capacidades para defender sus derechos como grupo, entendiendo que no son s\u00f3lo sujetos individuales de protecci\u00f3n sino tambi\u00e9n agentes de su protecci\u00f3n. Un enfoque de protecci\u00f3n colectiva debe tener como objetivo aumentar la resiliencia de la comunidad y aumentar el espacio de trabajo colectivo. La protecci\u00f3n colectiva incluye un conjunto de pr\u00e1cticas sociales (a diferentes niveles: organizativo, cultural, comunitario, econ\u00f3mico, etc.) que los sujetos colectivos desarrollan para enfrentar un contexto de amenazas.<\/p>\n<p>Para lograr la protecci\u00f3n futura y efectiva de los defensores de la tierra y el medio ambiente, las iniciativas correspondientes las cuales trabajan para ese fin deben basarse en el fortalecimiento de los\/las individuos y las comunidades, esto incluye:<\/p>\n<ul>\n<li>redes comunitarias de alerta temprana y mecanismos de protecci\u00f3n colectiva para crear sistemas de protecci\u00f3n basados en la comunidad, as\u00ed como para consolidar nuestras alianzas y redes, y<\/li>\n<li>llevar a cabo investigaciones comunitarias de base para comprobar, informar y denunciar las pr\u00e1cticas ilegales y las violaciones de nuestros derechos.<\/li>\n<\/ul>\n<p>El primer paso es compartir todo lo que hemos aprendido hasta ahora sobre la protecci\u00f3n colectiva efectiva.<\/p>\n<p>La Iniciativa Tolerancia Cero (ZTI por sus siglas en ingl\u00e9s), una coalici\u00f3n mundial liderada por pueblos ind\u00edgenas, afrodescendientes, representantes de comunidades locales y ONGs de apoyo que trabajan colectivamente para abordar las causas fundamentales de los asesinatos y la violencia contra los defensores y las defensoras de los derechos humanos vinculados a las cadenas de suministro mundiales, ha llevado a cabo una investigaci\u00f3n de aprendizaje acerca de las estrategias de prevenci\u00f3n y protecci\u00f3n dirigidas por la comunidad. El primer paso consisti\u00f3 en conocer las herramientas disponibles sobre este tema y su idoneidad para las comunidades.<\/p>\n<p>Para crear un base de datos para almacenar las herramientas, se llev\u00f3 a cabo una revisi\u00f3n exhaustiva de los materiales disponibles para los defensores y las defensoras de los derechos humanos sobre las estrategias comunitarias de prevenci\u00f3n y protecci\u00f3n contra las represalias.[\/vc_column_text][\/vc_column_inner][vc_column_inner width=\u00bb1\/3&#8243; offset=\u00bbvc_hidden-md vc_hidden-sm vc_hidden-xs\u00bb][\/vc_column_inner][\/vc_row_inner][vc_single_image image=\u00bb518&#8243; img_size=\u00bbfull\u00bb add_caption=\u00bbyes\u00bb css=\u00bb.vc_custom_1620315337303{padding-top: 15px !important;}\u00bb][vc_row_inner][vc_column_inner width=\u00bb2\/3&#8243; offset=\u00bbvc_col-lg-8 vc_col-md-12 vc_col-xs-12&#8243;][vc_column_text css=\u00bb.vc_custom_1620315307419{margin-bottom: 25px !important;}\u00bb]<strong>Introducci\u00f3n<br \/>\n<\/strong>Un espacio f\u00e1cil de usar, accesible y extenso para el intercambio de herramientas did\u00e1cticas de las mejores pr\u00e1cticas y capacitaci\u00f3n para la protecci\u00f3n colectiva. Una biblioteca respaldada con el apoyo de la coalici\u00f3n para que los pueblos ind\u00edgenas, los afrodescendientes y las comunidades locales la utilicen y aporten sus contribuciones.<\/p>\n<p>El apoyo y el fortalecimiento de las comunidades para cartografiar y vigilar su territorio &#8211; lo cual es uno de los muchos prop\u00f3sitos del micrositio- puede reforzar la capacidad de la comunidad en recopilar pruebas, contribuir a la disminuci\u00f3n de la deforestaci\u00f3n y aumentar la seguridad de los miembros de la comunidad. Asimismo, la defensa y el litigio estrat\u00e9gico basados en pruebas, con el apoyo de los recursos que se encuentran en el micrositio, pueden contribuir a la elaboraci\u00f3n de estrategias eficaces para lograr el acceso a la justicia y reparaci\u00f3n para las comunidades.<\/p>\n<p>Una comunidad fortalecida, gracias a las herramientas did\u00e1cticas las cuales son de f\u00e1cil acceso, y la oportunidad de identificar las carencias en las herramientas disponibles y su formato, estar\u00e1 en una mejor posici\u00f3n para defender sus tierras, bosques, medios de vida y derechos.<\/p>\n<p>En el contexto de entender mejor qu\u00e9 estrategias y herramientas existen y son necesarios para la prevenci\u00f3n y la autoprotecci\u00f3n contra la violencia y las represalias dirigidas por la comunidad, se llev\u00f3 a cabo un an\u00e1lisis de las necesidades de los\/las usuarios. Para ello, se estableci\u00f3 contacto y se realizaron entrevistas con seis organizaciones de la sociedad civil, alianzas o gobiernos (CSOAG por sus siglas en ingl\u00e9s), cada una de ellas proporcionan apoyo t\u00e9cnico, jur\u00eddico, financiero, educativo y de coordinaci\u00f3n a las comunidades y personas con las que trabajan o a las que representan.<\/p>\n<p><i>\u201cSomos asesores t\u00e9cnicos de la comunidad, adem\u00e1s de formar parte de ella\u201d<br \/>\n<\/i>\u2013 Proyecto de Desarrollo de los Pueblos Ind\u00edgenas de Chepkitale (CIPDP), Kenia<\/p>\n<p><b>Estrategias lideradas por la comunidad<br \/>\n<\/b>Aunque las entrevistas se realizaron con miembros del personal del CSOAG, las respuestas indicaron un importante solapamiento entre las identidades y objetivos del CSOAG y las identidades y compromisos de las comunidades. En la mayor\u00eda de los casos, las estrategias de activismo, monitoreo y comunicaci\u00f3n eran responsabilidades compartidas entre el CSOAG y los miembros de la comunidad. En consecuencia, los procedimientos de estrategia y los l\u00edmites entre estas dos entidades no sol\u00edan estar definidos. Adem\u00e1s, estas entrevistas destacan las estrategias que los CSOAGs est\u00e1n utilizando (o con las que necesitan m\u00e1s apoyo) para poder satisfacer mejor las necesidades de la comunidad. Esto hace que se preste m\u00e1s atenci\u00f3n a las estrategias estructuradas u organizativas que pueden adoptar las CSOAGs como agentes o representantes de sus comunidades. Por lo tanto, el t\u00e9rmino \u00abliderada por la comunidad\u00bb en estas entrevistas abarca tanto las estructuras y procedimientos organizativos formales como los sistemas comunitarios informales, tal y como los percibe el personal de las CSOAG.<\/p>\n<p><b>Autoprotecci\u00f3n y prevenci\u00f3n<br \/>\n<\/b>La autoprotecci\u00f3n y la prevenci\u00f3n contra la violencia y las represalias tienen diferentes definiciones y l\u00edmites. En el \u00e1mbito comunitario, esto incluye desde ofrecer apoyo en torno a la educaci\u00f3n b\u00e1sica y las pr\u00e1cticas sanitarias, hasta la participaci\u00f3n de la comunidad en el control regional de las tierras colectivas. A nivel regional y nacional, la autoprotecci\u00f3n y la prevenci\u00f3n eran una respuesta a las razones sist\u00e9micas de la violencia y, por lo tanto, implicaban campa\u00f1as nacionales y estrategias legales para ampliar la autonom\u00eda pol\u00edtica y la identidad ind\u00edgena. Adem\u00e1s, la capacidad de cada CSOAG para abordar y definir la autoprotecci\u00f3n y la prevenci\u00f3n depend\u00eda de varios factores. Entre ellos, los CSOAG; el estatus legal y la autoridad; la historia y el acercamiento con las pol\u00edticas p\u00fablicas; el apoyo y el compromiso de las comunas y de los miembros de la comunidad; la epistemolog\u00eda y la percepci\u00f3n con respecto a la protecci\u00f3n y la seguridad; la capacidad y el conocimiento del personal; y la fase o el desaf\u00edo espec\u00edfico que enfrenta la comunidad en cuesti\u00f3n.<\/p>\n<p><strong>Resultados<br \/>\n<\/strong>Los resultados de las entrevistas se clasificaron en funci\u00f3n de los temas de las respuestas, distinguiendo entre 1) las estrategias de protecci\u00f3n y prevenci\u00f3n que han funcionado en el pasado para las CSOAG y las comunidades (es decir, lo que funciona), y 2) las estrategias con las que las CSOAG buscan m\u00e1s apoyo (es decir, lo que se necesita). A continuaci\u00f3n, cada tema incluye uno o m\u00e1s ejemplos de estrategias para el contexto y, si es pertinente, el elemento o elementos de herramientas para esa estrategia.[\/vc_column_text][\/vc_column_inner][vc_column_inner width=\u00bb1\/3&#8243; offset=\u00bbvc_hidden-md vc_hidden-sm vc_hidden-xs\u00bb][\/vc_column_inner][\/vc_row_inner][\/vc_column][\/vc_row]<\/p>\n","protected":false},"excerpt":{"rendered":"<p>[vc_row full_height=\u00bbyes\u00bb columns_placement=\u00bbstretch\u00bb][vc_column width=\u00bb1\/4&#8243; css=\u00bb.vc_custom_1616602966813{border-right-width: 1px !important;padding-top: 12px !important;border-right-color: #000000 !important;border-right-style: solid !important;}\u00bb][vc_column_text]Cont\u00e1ctenos Contacto Apoyo Con el apoyo financiero de la Iniciativa Internacional sobre el\u00a0Clima y los Bosques de Noruega (NICFI) y la Climate Justice Resilience Fund (CJRF) Pol\u00edtica de Privacidad Ver nuestra pol\u00edtica Derechos de autor \u00a9 Iniciativa de Tolerancia Cero Dise\u00f1o Open &amp;&hellip;<\/p>\n","protected":false},"author":1,"featured_media":0,"parent":0,"menu_order":0,"comment_status":"closed","ping_status":"closed","template":"","meta":{"inline_featured_image":false,"_monsterinsights_skip_tracking":false,"_monsterinsights_sitenote_active":false,"_monsterinsights_sitenote_note":"","_monsterinsights_sitenote_category":0},"acf":[],"_links":{"self":[{"href":"https:\/\/collective-protection.info\/es\/wp-json\/wp\/v2\/pages\/312"}],"collection":[{"href":"https:\/\/collective-protection.info\/es\/wp-json\/wp\/v2\/pages"}],"about":[{"href":"https:\/\/collective-protection.info\/es\/wp-json\/wp\/v2\/types\/page"}],"author":[{"embeddable":true,"href":"https:\/\/collective-protection.info\/es\/wp-json\/wp\/v2\/users\/1"}],"replies":[{"embeddable":true,"href":"https:\/\/collective-protection.info\/es\/wp-json\/wp\/v2\/comments?post=312"}],"version-history":[{"count":9,"href":"https:\/\/collective-protection.info\/es\/wp-json\/wp\/v2\/pages\/312\/revisions"}],"predecessor-version":[{"id":1657,"href":"https:\/\/collective-protection.info\/es\/wp-json\/wp\/v2\/pages\/312\/revisions\/1657"}],"wp:attachment":[{"href":"https:\/\/collective-protection.info\/es\/wp-json\/wp\/v2\/media?parent=312"}],"curies":[{"name":"wp","href":"https:\/\/api.w.org\/{rel}","templated":true}]}}