
{"id":1455,"date":"2022-04-25T14:51:43","date_gmt":"2022-04-25T13:51:43","guid":{"rendered":"https:\/\/collective-protection.info\/how-to-use-new\/"},"modified":"2022-10-07T16:43:23","modified_gmt":"2022-10-07T15:43:23","slug":"como-utilizar","status":"publish","type":"page","link":"https:\/\/collective-protection.info\/es\/como-utilizar\/","title":{"rendered":"C\u00f3mo utilizar"},"content":{"rendered":"<p>[vc_row full_width=\u00bbstretch_row\u00bb equal_height=\u00bbyes\u00bb][vc_column][vc_row_inner equal_height=\u00bbyes\u00bb content_placement=\u00bbtop\u00bb css=\u00bb.vc_custom_1657892983244{margin-top: 10px !important;}\u00bb][vc_column_inner][vc_column_text css=\u00bb.vc_custom_1662561768756{margin-bottom: 12px !important;border-bottom-width: 1px !important;padding-bottom: 12px !important;border-bottom-color: #000000 !important;border-bottom-style: solid !important;}\u00bb]<\/p>\n<h2>C\u00f3mo utilizar<\/h2>\n<p>[\/vc_column_text][\/vc_column_inner][\/vc_row_inner][\/vc_column][\/vc_row][vc_row full_height=\u00bbyes\u00bb equal_height=\u00bbyes\u00bb content_placement=\u00bbmiddle\u00bb el_class=\u00bbcolumncontainingcarousel\u00bb][vc_column]<style type=\"text\/css\" data-type=\"the7_shortcodes-inline-css\">.carousel-shortcode.carousel-shortcode-id-a2e7240444500d9dd67d63c8bb527ef4 .owl-nav a {\n  width: 36px;\n  height: 36px;\n  border-radius: 500px;\n}\n.dt-arrow-border-on.carousel-shortcode.carousel-shortcode-id-a2e7240444500d9dd67d63c8bb527ef4 .owl-nav a:not(:hover):before {\n  border-width: 0px;\n}\n.dt-arrow-hover-border-on.carousel-shortcode.carousel-shortcode-id-a2e7240444500d9dd67d63c8bb527ef4 .owl-nav a:hover:after {\n  border-width: 0px;\n}\n.carousel-shortcode.carousel-shortcode-id-a2e7240444500d9dd67d63c8bb527ef4 .owl-nav a.owl-prev {\n  top: 50%;\n  transform: translateY(calc(-50% + 0px));\n  left: 0px;\n}\n@media all and (-ms-high-contrast: none) {\n  .carousel-shortcode.carousel-shortcode-id-a2e7240444500d9dd67d63c8bb527ef4 .owl-nav a.owl-prev {\n    transform: translateY(-50%);\n    margin-top: 0px;\n  }\n}\n.carousel-shortcode.carousel-shortcode-id-a2e7240444500d9dd67d63c8bb527ef4 .owl-nav a.owl-prev i {\n  padding: 0px 0px 0px 0px;\n}\n.carousel-shortcode.carousel-shortcode-id-a2e7240444500d9dd67d63c8bb527ef4 .owl-nav a.owl-next {\n  top: 50%;\n  transform: translateY(calc(-50% + 0px));\n  right: 0px;\n}\n@media all and (-ms-high-contrast: none) {\n  .carousel-shortcode.carousel-shortcode-id-a2e7240444500d9dd67d63c8bb527ef4 .owl-nav a.owl-next {\n    transform: translateY(-50%);\n    margin-top: 0px;\n  }\n}\n.carousel-shortcode.carousel-shortcode-id-a2e7240444500d9dd67d63c8bb527ef4 .owl-nav a.owl-next i {\n  padding: 0px 0px 0px 0px;\n}\n.carousel-shortcode.carousel-shortcode-id-a2e7240444500d9dd67d63c8bb527ef4 .owl-nav i {\n  font-size: 45px;\n}\n.carousel-shortcode.carousel-shortcode-id-a2e7240444500d9dd67d63c8bb527ef4 .owl-nav a:not(:hover) i,\n.carousel-shortcode.carousel-shortcode-id-a2e7240444500d9dd67d63c8bb527ef4 .owl-nav a:not(:hover) i:before {\n  color: #000000;\n  background: none;\n}\n.carousel-shortcode.carousel-shortcode-id-a2e7240444500d9dd67d63c8bb527ef4 .owl-nav a:hover i,\n.carousel-shortcode.carousel-shortcode-id-a2e7240444500d9dd67d63c8bb527ef4 .owl-nav a:hover i:before {\n  color: #000000;\n  background: none;\n}\n.carousel-shortcode.carousel-shortcode-id-a2e7240444500d9dd67d63c8bb527ef4 .owl-dots {\n  top: calc(100% + 40px);\n  left: 50%;\n  transform: translateX(calc(-50% + 0px));\n}\n@media all and (-ms-high-contrast: none) {\n  .carousel-shortcode.carousel-shortcode-id-a2e7240444500d9dd67d63c8bb527ef4 .owl-dots {\n    transform: translateX(-50%);\n    margin-left: 0px;\n  }\n}\n.carousel-shortcode.carousel-shortcode-id-a2e7240444500d9dd67d63c8bb527ef4 .owl-dot {\n  width: 10px;\n  height: 10px;\n  margin: 0 5px;\n}\n.bullets-scale-up.carousel-shortcode.carousel-shortcode-id-a2e7240444500d9dd67d63c8bb527ef4 .owl-dot:not(.active):not(:hover) span {\n  background: #000000;\n}\n.bullets-scale-up.carousel-shortcode.carousel-shortcode-id-a2e7240444500d9dd67d63c8bb527ef4 .owl-dot:not(.active):hover span,\n.bullets-scale-up.carousel-shortcode.carousel-shortcode-id-a2e7240444500d9dd67d63c8bb527ef4 .owl-dot.active span {\n  background: #ff8f1c;\n}\n.bullets-stroke.carousel-shortcode.carousel-shortcode-id-a2e7240444500d9dd67d63c8bb527ef4 .owl-dot:not(.active):not(:hover) span {\n  background: #000000;\n}\n.bullets-stroke.carousel-shortcode.carousel-shortcode-id-a2e7240444500d9dd67d63c8bb527ef4 .owl-dot:not(.active):hover span {\n  background: #ff8f1c;\n}\n.bullets-stroke.carousel-shortcode.carousel-shortcode-id-a2e7240444500d9dd67d63c8bb527ef4 .owl-dot.active span {\n  box-shadow: 0 0 0 2px #ff8f1c;\n}\n.bullets-fill-in.carousel-shortcode.carousel-shortcode-id-a2e7240444500d9dd67d63c8bb527ef4 .owl-dot:not(.active):not(:hover) span {\n  box-shadow: inset 0 0 0 2px #000000;\n}\n.bullets-fill-in.carousel-shortcode.carousel-shortcode-id-a2e7240444500d9dd67d63c8bb527ef4 .owl-dot:not(.active):hover span {\n  box-shadow: inset 0 0 0 2px #ff8f1c;\n}\n.bullets-fill-in.carousel-shortcode.carousel-shortcode-id-a2e7240444500d9dd67d63c8bb527ef4 .owl-dot.active span {\n  box-shadow: inset 0 0 0 20px #ff8f1c;\n}\n.bullets-small-dot-stroke.carousel-shortcode.carousel-shortcode-id-a2e7240444500d9dd67d63c8bb527ef4 .owl-dot:not(.active):not(:hover) span {\n  background: #000000;\n}\n.bullets-small-dot-stroke.carousel-shortcode.carousel-shortcode-id-a2e7240444500d9dd67d63c8bb527ef4 .owl-dot:not(.active):hover span,\n.bullets-small-dot-stroke.carousel-shortcode.carousel-shortcode-id-a2e7240444500d9dd67d63c8bb527ef4 .owl-dot.active span {\n  background: #ff8f1c;\n}\n.bullets-small-dot-stroke.carousel-shortcode.carousel-shortcode-id-a2e7240444500d9dd67d63c8bb527ef4 .owl-dot.active {\n  box-shadow: 0 0 0 2px #ff8f1c;\n}\n.bullets-ubax.carousel-shortcode.carousel-shortcode-id-a2e7240444500d9dd67d63c8bb527ef4 .owl-dot span {\n  background: #000000;\n}\n.bullets-ubax.carousel-shortcode.carousel-shortcode-id-a2e7240444500d9dd67d63c8bb527ef4 .owl-dot.active span {\n  border-color: #ff8f1c;\n}\n.bullets-ubax.carousel-shortcode.carousel-shortcode-id-a2e7240444500d9dd67d63c8bb527ef4 .owl-dot:not(.active):hover span {\n  background: #ff8f1c;\n}\n.bullets-etefu.carousel-shortcode.carousel-shortcode-id-a2e7240444500d9dd67d63c8bb527ef4 .owl-dot span {\n  background: #000000;\n}\n.bullets-etefu.carousel-shortcode.carousel-shortcode-id-a2e7240444500d9dd67d63c8bb527ef4 .owl-dot:not(.active):hover span {\n  background: #ff8f1c;\n}\n.bullets-etefu.carousel-shortcode.carousel-shortcode-id-a2e7240444500d9dd67d63c8bb527ef4 .owl-dot span:before {\n  background: #ff8f1c;\n}\n.accent-gradient .bullets-etefu.carousel-shortcode.carousel-shortcode-id-a2e7240444500d9dd67d63c8bb527ef4 .owl-dot span:before {\n  background: #ff8f1c;\n}\n@media screen and (max-width: 778px) {\n  .carousel-shortcode.carousel-shortcode-id-a2e7240444500d9dd67d63c8bb527ef4.hide-arrows .owl-nav a {\n    display: none;\n  }\n}\n@media screen and (max-width: 778px) {\n  .carousel-shortcode.carousel-shortcode-id-a2e7240444500d9dd67d63c8bb527ef4.reposition-arrows .owl-nav .owl-prev {\n    top: 50%;\n    transform: translateY(calc(-50% + 0px));\n    left: 0px;\n  }\n  .carousel-shortcode.carousel-shortcode-id-a2e7240444500d9dd67d63c8bb527ef4.reposition-arrows .owl-nav .owl-next {\n    top: 50%;\n    transform: translateY(calc(-50% + 0px));\n    right: 0px;\n  }\n}\n@media screen and (max-width: 778px) and all and (-ms-high-contrast: none) {\n  .carousel-shortcode.carousel-shortcode-id-a2e7240444500d9dd67d63c8bb527ef4.reposition-arrows .owl-nav .owl-prev {\n    transform: translateY(-50%);\n    margin-top: 0px;\n  }\n}\n@media screen and (max-width: 778px) and all and (-ms-high-contrast: none) {\n  .carousel-shortcode.carousel-shortcode-id-a2e7240444500d9dd67d63c8bb527ef4.reposition-arrows .owl-nav .owl-next {\n    transform: translateY(-50%);\n    margin-top: 0px;\n  }\n}\n<\/style><div class=\"owl-carousel carousel-shortcode dt-owl-carousel-call carousel-shortcode-id-a2e7240444500d9dd67d63c8bb527ef4 bullets-fill-in reposition-arrows arrows-bg-off disable-arrows-hover-bg arrows-hover-bg-off  customcarousel\" data-scroll-mode=\"1\" data-col-num=\"1\" data-wide-col-num=\"1\" data-laptop-col=\"1\" data-h-tablet-columns-num=\"1\" data-v-tablet-columns-num=\"1\" data-phone-columns-num=\"1\" data-auto-height=\"false\" data-col-gap=\"40\" data-stage-padding=\"0\" data-speed=\"600\" data-autoplay=\"false\" data-autoplay_speed=\"6000\" data-arrows=\"true\" data-bullet=\"true\" data-next-icon=\"icon-ar-017-r\" data-prev-icon=\"icon-ar-017-l\">[vc_row_inner equal_height=\u00bbyes\u00bb content_placement=\u00bbmiddle\u00bb el_class=\u00bbcarouselslide\u00bb][vc_column_inner width=\u00bb1\/2&#8243;][vc_single_image image=\u00bb1490&#8243; img_size=\u00bbfull\u00bb alignment=\u00bbcenter\u00bb][\/vc_column_inner][vc_column_inner width=\u00bb1\/2&#8243;][vc_column_text]<strong>Utilizando el sistema de filtros<\/strong><br \/>\nLa base de datos incluye una gran cantidad de herramientas did\u00e1cticas. Todas ellas pueden ser revisadas utilizando el sistema de filtros.<\/p>\n<p>Los navegadores de web se muestran a la izquierda. En los tel\u00e9fonos inteligentes, haga clic en el bot\u00f3n \u00abFiltrar resultados\u00bb situado en la parte superior de la p\u00e1gina para ver las opciones.[\/vc_column_text][\/vc_column_inner][\/vc_row_inner][vc_row_inner equal_height=\u00bbyes\u00bb content_placement=\u00bbmiddle\u00bb el_class=\u00bbcarouselslide\u00bb][vc_column_inner width=\u00bb1\/2&#8243;][vc_single_image image=\u00bb1493&#8243; img_size=\u00bbfull\u00bb alignment=\u00bbcenter\u00bb][\/vc_column_inner][vc_column_inner width=\u00bb1\/2&#8243;][vc_column_text]<strong>Buscar<\/strong><br \/>\nSe puede escribir un t\u00e9rmino de b\u00fasqueda directamente en la casilla \u00abBuscar\u00bb y los resultados se actualizar\u00e1n autom\u00e1ticamente.[\/vc_column_text][\/vc_column_inner][\/vc_row_inner][vc_row_inner equal_height=\u00bbyes\u00bb content_placement=\u00bbmiddle\u00bb el_class=\u00bbcarouselslide\u00bb][vc_column_inner width=\u00bb1\/2&#8243;][vc_single_image image=\u00bb1496&#8243; img_size=\u00bbfull\u00bb alignment=\u00bbcenter\u00bb][\/vc_column_inner][vc_column_inner width=\u00bb1\/2&#8243;][vc_column_text]<strong>Filtrar por idioma<br \/>\n<\/strong>El micrositio tiene herramientas en varios idiomas. Se puede encontrar una herramienta en el idioma requerido haciendo clic en el men\u00fa desplegable \u00abIdioma\u00bb.[\/vc_column_text][\/vc_column_inner][\/vc_row_inner][vc_row_inner equal_height=\u00bbyes\u00bb content_placement=\u00bbmiddle\u00bb el_class=\u00bbcarouselslide\u00bb][vc_column_inner width=\u00bb1\/2&#8243;][vc_single_image image=\u00bb1499&#8243; img_size=\u00bbfull\u00bb alignment=\u00bbcenter\u00bb][\/vc_column_inner][vc_column_inner width=\u00bb1\/2&#8243;][vc_column_text]<strong>Filtro por \u00e1rea tem\u00e1tica\u00a0<\/strong><br \/>\nPuede filtrar los resultados en virtud de sus necesidades marcando las casillas de la secci\u00f3n llamada \u00ab\u00c1rea\u00bb.[\/vc_column_text][\/vc_column_inner][\/vc_row_inner][vc_row_inner equal_height=\u00bbyes\u00bb content_placement=\u00bbmiddle\u00bb el_class=\u00bbcarouselslide\u00bb][vc_column_inner width=\u00bb1\/2&#8243;][vc_single_image image=\u00bb1502&#8243; img_size=\u00bbfull\u00bb alignment=\u00bbcenter\u00bb][\/vc_column_inner][vc_column_inner width=\u00bb1\/2&#8243;][vc_column_text]<strong>Filtrar por tipo de herramienta<\/strong><br \/>\nPuede acceder a las herramientas las cuales se encuentran en distintos formatos, optando por la que mejor se adapte a su situaci\u00f3n o necesidad. Las gu\u00edas y los manuales son f\u00e1cilmente accesibles con una conexi\u00f3n a Internet lenta y se pueden descargar, en cambio las herramientas digitales y audiovisuales pueden necesitar una conexi\u00f3n m\u00e1s r\u00e1pida o constante para acceder.[\/vc_column_text][\/vc_column_inner][\/vc_row_inner][vc_row_inner equal_height=\u00bbyes\u00bb content_placement=\u00bbmiddle\u00bb el_class=\u00bbcarouselslide\u00bb][vc_column_inner width=\u00bb1\/2&#8243;][vc_single_image image=\u00bb1505&#8243; img_size=\u00bbfull\u00bb alignment=\u00bbcenter\u00bb][\/vc_column_inner][vc_column_inner width=\u00bb1\/2&#8243;][vc_column_text]<strong>Volver a empezar<\/strong><br \/>\nSi quiere borrar todos los filtros y empezar de nuevo, haga clic en el bot\u00f3n \u00abRestablecer\u00bb situado en la parte inferior de las opciones para filtrar.[\/vc_column_text][\/vc_column_inner][\/vc_row_inner][vc_row_inner equal_height=\u00bbyes\u00bb content_placement=\u00bbmiddle\u00bb el_class=\u00bbcarouselslide\u00bb][vc_column_inner width=\u00bb1\/2&#8243;][vc_single_image image=\u00bb1508&#8243; img_size=\u00bbfull\u00bb alignment=\u00bbcenter\u00bb][\/vc_column_inner][vc_column_inner width=\u00bb1\/2&#8243;][vc_column_text]<strong>\u00bfBusca una herramienta espec\u00edfica que no est\u00e1 disponible?\u00a0<\/strong><br \/>\nEstas herramientas no son una lista completa. Por lo tanto, invitamos a los defensores y a las defensoras y organizaciones de la sociedad civil para que env\u00eden sus recursos a trav\u00e9s del bot\u00f3n \u00abContribuir\u00bb ubicado en la parte superior de la pantalla. Adem\u00e1s, si los defensores o las defensoras buscan herramientas concretas y no encuentran ning\u00fan resultado, por favor, h\u00e1ganoslo saber a trav\u00e9s de la funci\u00f3n \u201cCont\u00e1ctenos\u201d en la p\u00e1gina de informaci\u00f3n. Estas peticiones nos ayudar\u00e1n a informar de lo que se necesita y a guiar a las organizaciones de sociedad civil que trabajan en este tema para crear herramientas que cubran esta necesidad.[\/vc_column_text][\/vc_column_inner][\/vc_row_inner][vc_row_inner equal_height=\u00bbyes\u00bb content_placement=\u00bbmiddle\u00bb el_class=\u00bbcarouselslide\u00bb][vc_column_inner width=\u00bb1\/2&#8243;][vc_single_image image=\u00bb1511&#8243; img_size=\u00bbfull\u00bb alignment=\u00bbcenter\u00bb][\/vc_column_inner][vc_column_inner width=\u00bb1\/2&#8243;][vc_column_text]<strong>\u00bfQu\u00e9 pasa si el recurso no se est\u00e1 cargando?<\/strong><\/p>\n<p>Si ha hecho clic en el bot\u00f3n \u00abenlace al recurso\u00bb pero no puede ver el recurso, esto podr\u00eda deberse a la falta de Internet o a una conexi\u00f3n lenta a Internet. Intente volver a conectarse a su fuente de Internet, mudarse a un \u00e1rea diferente o cambiar su conexi\u00f3n.<\/p>\n<p>Si todav\u00eda tiene problemas, o si el recurso se est\u00e1 cargando en el idioma o formato incorrecto, h\u00e1ganoslo saber a trav\u00e9s de la herramienta <a href=\"https:\/\/collective-protection.info\/es\/info\/\">Cont\u00e1ctenos<\/a>.[\/vc_column_text][\/vc_column_inner][\/vc_row_inner][vc_row_inner equal_height=\u00bbyes\u00bb content_placement=\u00bbmiddle\u00bb el_class=\u00bbcarouselslide\u00bb][vc_column_inner width=\u00bb1\/2&#8243;][vc_btn title=\u00bbVer herramientas\u00bb style=\u00bboutline\u00bb shape=\u00bbsquare\u00bb color=\u00bbblack\u00bb align=\u00bbcenter\u00bb link=\u00bburl:https%3A%2F%2Fcollective-protection.info%2Fes%2Fherramientas%2F\u00bb el_class=\u00bbsquarebutton\u00bb][\/vc_column_inner][vc_column_inner width=\u00bb1\/2&#8243;][vc_column_text]<strong>Ver herramientas<\/strong><br \/>\nPor favor, disfrute explorando las herramientas y p\u00f3ngase en contacto con nosotros si tiene alguna pregunta o comentario.[\/vc_column_text][\/vc_column_inner][\/vc_row_inner]<\/div>[\/vc_column][\/vc_row][vc_row full_width=\u00bbstretch_row\u00bb equal_height=\u00bbyes\u00bb content_placement=\u00bbmiddle\u00bb][vc_column][vc_row_inner content_placement=\u00bbbottom\u00bb][vc_column_inner width=\u00bb1\/3&#8243;][\/vc_column_inner][vc_column_inner width=\u00bb1\/3&#8243;][vc_btn title=\u00bbVer herramientas\u00bb style=\u00bboutline\u00bb shape=\u00bbsquare\u00bb color=\u00bbblack\u00bb align=\u00bbcenter\u00bb link=\u00bburl:https%3A%2F%2Fcollective-protection.info%2Fes%2Fherramientas%2F|title:Resources\u00bb css=\u00bb.vc_custom_1662570844653{margin-bottom: 30px !important;}\u00bb][\/vc_column_inner][vc_column_inner width=\u00bb1\/3&#8243;][\/vc_column_inner][\/vc_row_inner][\/vc_column][\/vc_row]<\/p>\n","protected":false},"excerpt":{"rendered":"<p>[vc_row full_width=\u00bbstretch_row\u00bb equal_height=\u00bbyes\u00bb][vc_column][vc_row_inner equal_height=\u00bbyes\u00bb content_placement=\u00bbtop\u00bb css=\u00bb.vc_custom_1657892983244{margin-top: 10px !important;}\u00bb][vc_column_inner][vc_column_text css=\u00bb.vc_custom_1662561768756{margin-bottom: 12px !important;border-bottom-width: 1px !important;padding-bottom: 12px !important;border-bottom-color: #000000 !important;border-bottom-style: solid !important;}\u00bb] C\u00f3mo utilizar [\/vc_column_text][\/vc_column_inner][\/vc_row_inner][\/vc_column][\/vc_row][vc_row full_height=\u00bbyes\u00bb equal_height=\u00bbyes\u00bb content_placement=\u00bbmiddle\u00bb el_class=\u00bbcolumncontainingcarousel\u00bb][vc_column][\/vc_column][\/vc_row][vc_row full_width=\u00bbstretch_row\u00bb equal_height=\u00bbyes\u00bb content_placement=\u00bbmiddle\u00bb][vc_column][vc_row_inner content_placement=\u00bbbottom\u00bb][vc_column_inner width=\u00bb1\/3&#8243;][\/vc_column_inner][vc_column_inner width=\u00bb1\/3&#8243;][vc_btn title=\u00bbVer herramientas\u00bb style=\u00bboutline\u00bb shape=\u00bbsquare\u00bb color=\u00bbblack\u00bb align=\u00bbcenter\u00bb link=\u00bburl:https%3A%2F%2Fcollective-protection.info%2Fes%2Fherramientas%2F|title:Resources\u00bb css=\u00bb.vc_custom_1662570844653{margin-bottom: 30px !important;}\u00bb][\/vc_column_inner][vc_column_inner width=\u00bb1\/3&#8243;][\/vc_column_inner][\/vc_row_inner][\/vc_column][\/vc_row]<\/p>\n","protected":false},"author":1,"featured_media":0,"parent":0,"menu_order":0,"comment_status":"closed","ping_status":"closed","template":"","meta":{"inline_featured_image":false,"_monsterinsights_skip_tracking":false,"_monsterinsights_sitenote_active":false,"_monsterinsights_sitenote_note":"","_monsterinsights_sitenote_category":0},"acf":[],"_links":{"self":[{"href":"https:\/\/collective-protection.info\/es\/wp-json\/wp\/v2\/pages\/1455"}],"collection":[{"href":"https:\/\/collective-protection.info\/es\/wp-json\/wp\/v2\/pages"}],"about":[{"href":"https:\/\/collective-protection.info\/es\/wp-json\/wp\/v2\/types\/page"}],"author":[{"embeddable":true,"href":"https:\/\/collective-protection.info\/es\/wp-json\/wp\/v2\/users\/1"}],"replies":[{"embeddable":true,"href":"https:\/\/collective-protection.info\/es\/wp-json\/wp\/v2\/comments?post=1455"}],"version-history":[{"count":7,"href":"https:\/\/collective-protection.info\/es\/wp-json\/wp\/v2\/pages\/1455\/revisions"}],"predecessor-version":[{"id":1535,"href":"https:\/\/collective-protection.info\/es\/wp-json\/wp\/v2\/pages\/1455\/revisions\/1535"}],"wp:attachment":[{"href":"https:\/\/collective-protection.info\/es\/wp-json\/wp\/v2\/media?parent=1455"}],"curies":[{"name":"wp","href":"https:\/\/api.w.org\/{rel}","templated":true}]}}